{"id":38,"date":"2021-05-26T09:10:08","date_gmt":"2021-05-26T09:10:08","guid":{"rendered":"https:\/\/gchotel.li\/?page_id=38"},"modified":"2026-01-19T15:17:33","modified_gmt":"2026-01-19T15:17:33","slug":"home","status":"publish","type":"page","link":"https:\/\/gchotel.li\/en\/","title":{"rendered":"Home"},"content":{"rendered":"<div data-elementor-type=\"wp-page\" data-elementor-id=\"38\" class=\"elementor elementor-38\" data-elementor-post-type=\"page\">\n\t\t\t\t\t\t<section class=\"elementor-section elementor-top-section elementor-element elementor-element-bee00c7 elementor-section-full_width elementor-section-height-min-height elementor-section-height-default elementor-section-items-middle\" data-id=\"bee00c7\" data-element_type=\"section\" data-e-type=\"section\">\n\t\t\t\t\t\t<div class=\"elementor-container elementor-column-gap-no\">\n\t\t\t\t\t<div class=\"elementor-column elementor-col-100 elementor-top-column elementor-element elementor-element-5c91ace\" data-id=\"5c91ace\" data-element_type=\"column\" data-e-type=\"column\">\n\t\t\t<div class=\"elementor-widget-wrap elementor-element-populated\">\n\t\t\t\t\t\t<div class=\"elementor-element elementor-element-dbb39ab elementor--h-position-center elementor--v-position-middle elementor-pagination-position-inside elementor-widget elementor-widget-slides\" data-id=\"dbb39ab\" data-element_type=\"widget\" data-e-type=\"widget\" data-settings=\"{&quot;navigation&quot;:&quot;dots&quot;,&quot;autoplay_speed&quot;:4000,&quot;transition&quot;:&quot;fade&quot;,&quot;autoplay&quot;:&quot;yes&quot;,&quot;pause_on_hover&quot;:&quot;yes&quot;,&quot;pause_on_interaction&quot;:&quot;yes&quot;,&quot;infinite&quot;:&quot;yes&quot;,&quot;transition_speed&quot;:500}\" data-widget_type=\"slides.default\">\n\t\t\t\t<div class=\"elementor-widget-container\">\n\t\t\t\t\t\t\t\t\t<div class=\"elementor-swiper\">\n\t\t\t\t\t<div class=\"elementor-slides-wrapper elementor-main-swiper swiper\" role=\"region\" aria-roledescription=\"carousel\" aria-label=\"Slides\" dir=\"ltr\" data-animation=\"fadeInUp\">\n\t\t\t\t<div class=\"swiper-wrapper elementor-slides\">\n\t\t\t\t\t\t\t\t\t\t<div class=\"elementor-repeater-item-926fde1 swiper-slide\" role=\"group\" aria-roledescription=\"slide\"><div class=\"swiper-slide-bg elementor-ken-burns elementor-ken-burns--in\" role=\"img\" aria-label=\"Imagefotos des neu er\u00f6ffneten Grand Casino Liechtenstein (GCLI) in Bendern, FL und des dazugeh\u00f6rigen MELI&#039;s Restaurant. Aufgenommen am 8.9.2020 ---FOTO &amp; COPYRIGHT: JULIAN KONRAD 2020---COPYRIGHT HINWEISE PRINT:Bei der Ver\u00f6ffentlichung des Bildes wird darum gebeten, den Urheber und Ersteller \u00abJulian Konrad Photgraphy, Schaan FL\u00bb anzugeben. ---COPYRIGHT HINWEISE ONLINE:Bei Postings in den Sozialen Medien wird darum gebeten, den Urheber und Ersteller anzugeben und zu verlinken \u00abFoto und Copyright @jkonradphotography\u00bb\"><\/div><div class=\"swiper-slide-inner\" ><div class=\"swiper-slide-contents\"><\/div><\/div><\/div><div class=\"elementor-repeater-item-f01ff77 swiper-slide\" role=\"group\" aria-roledescription=\"slide\"><div class=\"swiper-slide-bg elementor-ken-burns elementor-ken-burns--in\" role=\"img\" aria-label=\"room\"><\/div><div class=\"swiper-slide-inner\" ><div class=\"swiper-slide-contents\"><\/div><\/div><\/div><div class=\"elementor-repeater-item-a85a099 swiper-slide\" role=\"group\" aria-roledescription=\"slide\"><div class=\"swiper-slide-bg elementor-ken-burns elementor-ken-burns--in\" role=\"img\" aria-label=\"Imagefotos des neu er\u00f6ffneten Grand Casino Liechtenstein (GCLI) in Bendern, FL und des dazugeh\u00f6rigen MELI&#039;s Restaurant. Aufgenommen am 8.9.2020 ---FOTO &amp; COPYRIGHT: JULIAN KONRAD 2020---COPYRIGHT HINWEISE PRINT:Bei der Ver\u00f6ffentlichung des Bildes wird darum gebeten, den Urheber und Ersteller \u00abJulian Konrad Photgraphy, Schaan FL\u00bb anzugeben. ---COPYRIGHT HINWEISE ONLINE:Bei Postings in den Sozialen Medien wird darum gebeten, den Urheber und Ersteller anzugeben und zu verlinken \u00abFoto und Copyright @jkonradphotography\u00bb\"><\/div><div class=\"swiper-slide-inner\" ><div class=\"swiper-slide-contents\"><\/div><\/div><\/div><div class=\"elementor-repeater-item-ee9ab01 swiper-slide\" role=\"group\" aria-roledescription=\"slide\"><div class=\"swiper-slide-bg elementor-ken-burns elementor-ken-burns--in\" role=\"img\" aria-label=\"Imagefotos des neu er\u00f6ffneten Grand Casino Liechtenstein (GCLI) in Bendern, FL und des dazugeh\u00f6rigen MELI&#039;s Restaurant. Aufgenommen am 8.9.2020 ---FOTO &amp; COPYRIGHT: JULIAN KONRAD 2020---COPYRIGHT HINWEISE PRINT:Bei der Ver\u00f6ffentlichung des Bildes wird darum gebeten, den Urheber und Ersteller \u00abJulian Konrad Photgraphy, Schaan FL\u00bb anzugeben. ---COPYRIGHT HINWEISE ONLINE:Bei Postings in den Sozialen Medien wird darum gebeten, den Urheber und Ersteller anzugeben und zu verlinken \u00abFoto und Copyright @jkonradphotography\u00bb\"><\/div><div class=\"swiper-slide-inner\" ><div class=\"swiper-slide-contents\"><\/div><\/div><\/div>\t\t\t\t<\/div>\n\t\t\t\t\t\t\t\t\t\t\t\t\t\t\t\t\t\t\t\t<div class=\"swiper-pagination\"><\/div>\n\t\t\t\t\t\t\t\t\t\t\t\t<\/div>\n\t\t\t\t<\/div>\n\t\t\t\t\t\t\t\t<\/div>\n\t\t\t\t<\/div>\n\t\t\t\t\t<\/div>\n\t\t<\/div>\n\t\t\t\t\t<\/div>\n\t\t<\/section>\n\t\t\t\t<section class=\"elementor-section elementor-top-section elementor-element elementor-element-49f4dd4 elementor-section-full_width elementor-section-height-default elementor-section-height-default\" data-id=\"49f4dd4\" data-element_type=\"section\" data-e-type=\"section\" data-settings=\"{&quot;background_background&quot;:&quot;classic&quot;}\">\n\t\t\t\t\t\t<div class=\"elementor-container elementor-column-gap-no\">\n\t\t\t\t\t<div class=\"elementor-column elementor-col-50 elementor-top-column elementor-element elementor-element-ba02311\" data-id=\"ba02311\" data-element_type=\"column\" data-e-type=\"column\">\n\t\t\t<div class=\"elementor-widget-wrap elementor-element-populated\">\n\t\t\t\t\t\t<div class=\"elementor-element elementor-element-c59e602 elementor-widget elementor-widget-text-editor\" data-id=\"c59e602\" data-element_type=\"widget\" data-e-type=\"widget\" data-widget_type=\"text-editor.default\">\n\t\t\t\t<div class=\"elementor-widget-container\">\n\t\t\t\t\t\t\t\t\t<font style=\"color:#c2ac95\";>Ankommen<\/font><br>\n<font style=\"color:#c2ac95\";>Wohlf\u00fchlen<\/font><br>\nErleben\t\t\t\t\t\t\t\t<\/div>\n\t\t\t\t<\/div>\n\t\t\t\t\t<\/div>\n\t\t<\/div>\n\t\t\t\t<div class=\"elementor-column elementor-col-50 elementor-top-column elementor-element elementor-element-6fdd673\" data-id=\"6fdd673\" data-element_type=\"column\" data-e-type=\"column\">\n\t\t\t<div class=\"elementor-widget-wrap elementor-element-populated\">\n\t\t\t\t\t\t<div class=\"elementor-element elementor-element-ab4f73e elementor-widget elementor-widget-text-editor\" data-id=\"ab4f73e\" data-element_type=\"widget\" data-e-type=\"widget\" data-widget_type=\"text-editor.default\">\n\t\t\t\t<div class=\"elementor-widget-container\">\n\t\t\t\t\t\t\t\t\t<p>Welcome to GC Hotel Liechtenstein in Bendern, a place that invites you to relax and enjoy.\u00a0<\/p><p>\u00a0<\/p><p>Das GC Hotel befindet sich im Grand Casino Liechtenstein und bietet durch seine Infrastruktur ideale Bedingungen f\u00fcr Casino Besucher, Gesch\u00e4ftsleute und Reisende. Sie finden bei uns 10 komfortable Doppelbettzimmer sowie eine Suite mit einzigartigem Blick auf die Schweizer und Liechtensteiner Berge. Verbringen Sie spannende Momente im Casino, geniessen Sie ein Getr\u00e4nk an einer der f\u00fcnf exklusiven Bars oder lassen Sie sich von kulinarischen Leckerbissen im Restaurant Alpspitz verw\u00f6hnen.<\/p><p>\u00a0<\/p><p>Let yourself be enchanted by the beautiful surroundings of GC Hotel. Discover the diversity Liechtenstein, which with an area of 160 square kilometres is one of the six smallest countries in the world. Small but mighty, in addition to the breathtaking mountains that invite you to wonderful hiking tours, the country offers you art and culture in top-class museums.<sup>2<\/sup>\u00a0zu den sechs kleinsten Staaten der Welt geh\u00f6rt. Klein aber oho, neben den atemberaubenden Bergen, die zu wundersch\u00f6nen Wandertouren einladen, bietet Ihnen das Land Kunst und Kultur in hochkar\u00e4tigen Museen.<\/p>\t\t\t\t\t\t\t\t<\/div>\n\t\t\t\t<\/div>\n\t\t\t\t\t<\/div>\n\t\t<\/div>\n\t\t\t\t\t<\/div>\n\t\t<\/section>\n\t\t\t\t<section class=\"elementor-section elementor-top-section elementor-element elementor-element-8d14d96 elementor-section-full_width elementor-section-height-default elementor-section-height-default\" data-id=\"8d14d96\" data-element_type=\"section\" data-e-type=\"section\">\n\t\t\t\t\t\t<div class=\"elementor-container elementor-column-gap-no\">\n\t\t\t\t\t<div class=\"elementor-column elementor-col-100 elementor-top-column elementor-element elementor-element-f9eaa6e\" data-id=\"f9eaa6e\" data-element_type=\"column\" data-e-type=\"column\">\n\t\t\t<div class=\"elementor-widget-wrap\">\n\t\t\t\t\t\t\t<\/div>\n\t\t<\/div>\n\t\t\t\t\t<\/div>\n\t\t<\/section>\n\t\t\t\t<\/div>","protected":false},"excerpt":{"rendered":"<p class=\"excerpt\">Ankommen Wohlf\u00fchlen Erleben Herzlich Willkommen im GC Hotel Liechtenstein in Bendern, einem Ort, der zum Wohlf\u00fchlen und Erleben einl\u00e4dt.\u00a0 \u00a0 Das GC Hotel befindet sich im Grand Casino Liechtenstein und bietet durch seine Infrastruktur ideale Bedingungen f\u00fcr Casino Besucher, Gesch\u00e4ftsleute und Reisende. Sie finden bei uns 10 komfortable Doppelbettzimmer sowie eine Suite mit einzigartigem Blick [&hellip;]<\/p>\n","protected":false},"author":2,"featured_media":0,"parent":0,"menu_order":0,"comment_status":"closed","ping_status":"closed","template":"template-blank.php","meta":{"footnotes":""},"class_list":["post-38","page","type-page","status-publish","hentry"],"_links":{"self":[{"href":"https:\/\/gchotel.li\/en\/wp-json\/wp\/v2\/pages\/38","targetHints":{"allow":["GET"]}}],"collection":[{"href":"https:\/\/gchotel.li\/en\/wp-json\/wp\/v2\/pages"}],"about":[{"href":"https:\/\/gchotel.li\/en\/wp-json\/wp\/v2\/types\/page"}],"author":[{"embeddable":true,"href":"https:\/\/gchotel.li\/en\/wp-json\/wp\/v2\/users\/2"}],"replies":[{"embeddable":true,"href":"https:\/\/gchotel.li\/en\/wp-json\/wp\/v2\/comments?post=38"}],"version-history":[{"count":110,"href":"https:\/\/gchotel.li\/en\/wp-json\/wp\/v2\/pages\/38\/revisions"}],"predecessor-version":[{"id":1152,"href":"https:\/\/gchotel.li\/en\/wp-json\/wp\/v2\/pages\/38\/revisions\/1152"}],"wp:attachment":[{"href":"https:\/\/gchotel.li\/en\/wp-json\/wp\/v2\/media?parent=38"}],"curies":[{"name":"wp","href":"https:\/\/api.w.org\/{rel}","templated":true}]}}